{"id":32,"date":"2024-10-14T08:40:08","date_gmt":"2024-10-14T08:40:08","guid":{"rendered":"https:\/\/the54rising.com\/?page_id=32"},"modified":"2025-01-23T09:37:36","modified_gmt":"2025-01-23T09:37:36","slug":"home","status":"publish","type":"page","link":"https:\/\/the54rising.com\/en\/","title":{"rendered":"Home"},"content":{"rendered":"<style>.kb-row-layout-wrap.wp-block-kadence-rowlayout.kb-row-layout-id32_c24205-42{margin-top:-120px;}.kb-row-layout-id32_c24205-42 > .kt-row-column-wrap{align-content:center;}:where(.kb-row-layout-id32_c24205-42 > .kt-row-column-wrap) > .wp-block-kadence-column{justify-content:center;}.kb-row-layout-id32_c24205-42 > .kt-row-column-wrap{column-gap:var(--global-kb-gap-md, 2rem);row-gap:var(--global-kb-gap-none, 0rem );max-width:var( --global-content-width, 1290px );padding-left:var(--global-content-edge-padding);padding-right:var(--global-content-edge-padding);padding-top:var(--global-kb-spacing-5xl, 10rem);padding-bottom:0rem;min-height:929px;grid-template-columns:minmax(0, 1fr);}.kb-row-layout-id32_c24205-42 > .kt-row-layout-overlay{opacity:0.30;}@media all and (max-width: 1024px){.kb-row-layout-id32_c24205-42 > .kt-row-column-wrap{grid-template-columns:minmax(0, 1fr);}}@media all and (max-width: 767px){.kb-row-layout-wrap.wp-block-kadence-rowlayout.kb-row-layout-id32_c24205-42{margin-top:-50px;}.kb-row-layout-id32_c24205-42 > .kt-row-column-wrap{padding-top:0rem;min-height:220px;grid-template-columns:minmax(0, 1fr);}}<\/style><div class=\"kb-row-layout-wrap kb-row-layout-id32_c24205-42 alignfull wp-block-kadence-rowlayout\"><div class=\"kt-blocks-carousel kb-blocks-bg-slider kt-carousel-container-dotstyle-none\"><div class=\"kt-blocks-carousel-init kb-blocks-bg-slider-init kt-carousel-arrowstyle-none kt-carousel-dotstyle-none\" data-slider-anim-speed=\"400\" data-slider-type=\"slider\" data-slider-scroll=\"1\" data-slider-arrows=\"false\" data-slider-fade=\"true\" data-slider-dots=\"false\" data-slider-hover-pause=\"false\" data-slider-auto=\"true\" data-slider-speed=\"7000\"><div class=\"kb-bg-slide-contain\"><div class=\"kb-bg-slide kb-bg-slide-0\" style=\"background-image:url(https:\/\/the54rising.com\/wp-content\/uploads\/2024\/11\/Wallpaper-Final-29.jpg); background-size:cover; background-position:center center; background-repeat:no-repeat;\"><\/div><\/div><div class=\"kb-bg-slide-contain\"><div class=\"kb-bg-slide kb-bg-slide-1\" style=\"background-image:url(https:\/\/the54rising.com\/wp-content\/uploads\/2024\/12\/IMG_6769-scaled.jpg); background-size:cover; background-position:center center; background-repeat:no-repeat;\"><\/div><\/div><div class=\"kb-bg-slide-contain\"><div class=\"kb-bg-slide kb-bg-slide-2\" style=\"background-image:url(https:\/\/the54rising.com\/wp-content\/uploads\/2024\/12\/photo-rhinoceros-mangeant-herbe_195114-52374-transformed.jpeg); background-size:cover; background-position:center center; background-repeat:no-repeat;\"><\/div><\/div><\/div><\/div><div class=\"kt-row-column-wrap kt-has-1-columns kt-row-layout-equal kt-tab-layout-inherit kt-mobile-layout-row kt-row-valign-middle kb-theme-content-width\">\n<style>.kadence-column32_b35cd3-be > .kt-inside-inner-col,.kadence-column32_b35cd3-be > .kt-inside-inner-col:before{border-top-left-radius:0px;border-top-right-radius:0px;border-bottom-right-radius:0px;border-bottom-left-radius:0px;}.kadence-column32_b35cd3-be > .kt-inside-inner-col{column-gap:var(--global-kb-gap-sm, 1rem);}.kadence-column32_b35cd3-be > .kt-inside-inner-col{flex-direction:column;}.kadence-column32_b35cd3-be > .kt-inside-inner-col > .aligncenter{width:100%;}.kadence-column32_b35cd3-be > .kt-inside-inner-col:before{opacity:0.3;}.kadence-column32_b35cd3-be{position:relative;}@media all and (max-width: 1024px){.kadence-column32_b35cd3-be > .kt-inside-inner-col{flex-direction:column;justify-content:center;}}@media all and (max-width: 767px){.kadence-column32_b35cd3-be > .kt-inside-inner-col{flex-direction:column;justify-content:center;}}<\/style>\n<div class=\"wp-block-kadence-column kadence-column32_b35cd3-be\"><div class=\"kt-inside-inner-col\"><\/div><\/div>\n\n<\/div><\/div>\n\n<style>.kb-row-layout-id32_76c09b-bc > .kt-row-column-wrap{align-content:center;}:where(.kb-row-layout-id32_76c09b-bc > .kt-row-column-wrap) > .wp-block-kadence-column{justify-content:center;}.kb-row-layout-id32_76c09b-bc > .kt-row-column-wrap{column-gap:var(--global-kb-gap-md, 2rem);row-gap:var(--global-kb-gap-md, 2rem);max-width:var( --global-content-width, 1290px );padding-left:var(--global-content-edge-padding);padding-right:var(--global-content-edge-padding);padding-top:var(--global-kb-spacing-md, 2rem);padding-right:var(--global-kb-spacing-md, 2rem);padding-bottom:0px;padding-left:var(--global-kb-spacing-lg, 3rem);grid-template-columns:repeat(2, minmax(0, 1fr));}.kb-row-layout-id32_76c09b-bc > .kt-row-layout-overlay{opacity:0.30;}@media all and (max-width: 1024px){.kb-row-layout-id32_76c09b-bc > .kt-row-column-wrap{grid-template-columns:repeat(2, minmax(0, 1fr));}}@media all and (max-width: 767px){.kb-row-layout-id32_76c09b-bc > .kt-row-column-wrap{grid-template-columns:minmax(0, 1fr);}}<\/style><div class=\"kb-row-layout-wrap kb-row-layout-id32_76c09b-bc alignfull has-theme-palette8-background-color kt-row-has-bg wp-block-kadence-rowlayout\"><div class=\"kt-row-column-wrap kt-has-2-columns kt-row-layout-equal kt-tab-layout-inherit kt-mobile-layout-row kt-row-valign-middle kb-theme-content-width\">\n<style>.kadence-column32_1cf92b-1c > .kt-inside-inner-col,.kadence-column32_1cf92b-1c > .kt-inside-inner-col:before{border-top-left-radius:0px;border-top-right-radius:0px;border-bottom-right-radius:0px;border-bottom-left-radius:0px;}.kadence-column32_1cf92b-1c > .kt-inside-inner-col{column-gap:var(--global-kb-gap-sm, 1rem);}.kadence-column32_1cf92b-1c > .kt-inside-inner-col{flex-direction:column;}.kadence-column32_1cf92b-1c > .kt-inside-inner-col > .aligncenter{width:100%;}.kadence-column32_1cf92b-1c > .kt-inside-inner-col:before{opacity:0.3;}.kadence-column32_1cf92b-1c{position:relative;}@media all and (max-width: 1024px){.kadence-column32_1cf92b-1c > .kt-inside-inner-col{flex-direction:column;justify-content:center;}}@media all and (max-width: 767px){.kadence-column32_1cf92b-1c > .kt-inside-inner-col{flex-direction:column;justify-content:center;}}<\/style>\n<div class=\"wp-block-kadence-column kadence-column32_1cf92b-1c\"><div class=\"kt-inside-inner-col\">\n<h2 class=\"wp-block-heading has-theme-palette-2-color has-text-color has-link-color has-larger-font-size wp-elements-7b9f87b2d32e6d54ae6efd1d48e2af09\">54Rising: Africa Rising, united and connected<\/h2>\n<\/div><\/div>\n\n\n<style>.kadence-column32_7ba94c-c5 > .kt-inside-inner-col,.kadence-column32_7ba94c-c5 > .kt-inside-inner-col:before{border-top-left-radius:0px;border-top-right-radius:0px;border-bottom-right-radius:0px;border-bottom-left-radius:0px;}.kadence-column32_7ba94c-c5 > .kt-inside-inner-col{column-gap:var(--global-kb-gap-sm, 1rem);}.kadence-column32_7ba94c-c5 > .kt-inside-inner-col{flex-direction:column;}.kadence-column32_7ba94c-c5 > .kt-inside-inner-col > .aligncenter{width:100%;}.kadence-column32_7ba94c-c5 > .kt-inside-inner-col:before{opacity:0.3;}.kadence-column32_7ba94c-c5{position:relative;}@media all and (max-width: 1024px){.kadence-column32_7ba94c-c5 > .kt-inside-inner-col{flex-direction:column;justify-content:center;}}@media all and (max-width: 767px){.kadence-column32_7ba94c-c5 > .kt-inside-inner-col{flex-direction:column;justify-content:center;}}<\/style>\n<div class=\"wp-block-kadence-column kadence-column32_7ba94c-c5\"><div class=\"kt-inside-inner-col\"><\/div><\/div>\n\n<\/div><\/div>\n\n<style>.kb-row-layout-id32_fcd404-0c > .kt-row-column-wrap{align-content:center;}:where(.kb-row-layout-id32_fcd404-0c > .kt-row-column-wrap) > .wp-block-kadence-column{justify-content:center;}.kb-row-layout-id32_fcd404-0c > .kt-row-column-wrap{column-gap:var(--global-kb-gap-md, 2rem);row-gap:var(--global-kb-gap-md, 2rem);max-width:var( --global-content-width, 1290px );padding-left:var(--global-content-edge-padding);padding-right:var(--global-content-edge-padding);padding-top:var(--global-kb-spacing-md, 2rem);padding-right:var(--global-kb-spacing-md, 2rem);padding-bottom:0px;padding-left:var(--global-kb-spacing-lg, 3rem);grid-template-columns:minmax(0, calc(50% - ((var(--global-kb-gap-md, 2rem) * 1 )\/2)))minmax(0, calc(50% - ((var(--global-kb-gap-md, 2rem) * 1 )\/2)));}.kb-row-layout-id32_fcd404-0c > .kt-row-layout-overlay{opacity:0.30;}@media all and (max-width: 1024px){.kb-row-layout-id32_fcd404-0c > .kt-row-column-wrap{grid-template-columns:repeat(2, minmax(0, 1fr));}}@media all and (max-width: 767px){.kb-row-layout-id32_fcd404-0c > .kt-row-column-wrap{grid-template-columns:minmax(0, 1fr);}}<\/style><div class=\"kb-row-layout-wrap kb-row-layout-id32_fcd404-0c alignfull has-theme-palette8-background-color kt-row-has-bg wp-block-kadence-rowlayout\"><div class=\"kt-row-column-wrap kt-has-2-columns kt-row-layout-equal kt-tab-layout-inherit kt-mobile-layout-row kt-row-valign-middle kb-theme-content-width\">\n<style>.kadence-column32_a56e2b-77 > .kt-inside-inner-col{display:flex;}.kadence-column32_a56e2b-77 > .kt-inside-inner-col{padding-bottom:0px;}.kadence-column32_a56e2b-77 > .kt-inside-inner-col,.kadence-column32_a56e2b-77 > .kt-inside-inner-col:before{border-top-left-radius:0px;border-top-right-radius:0px;border-bottom-right-radius:0px;border-bottom-left-radius:0px;}.kadence-column32_a56e2b-77 > .kt-inside-inner-col{column-gap:var(--global-kb-gap-sm, 1rem);}.kadence-column32_a56e2b-77 > .kt-inside-inner-col{flex-direction:column;justify-content:flex-end;}.kadence-column32_a56e2b-77 > .kt-inside-inner-col > .aligncenter{width:100%;}.kt-row-column-wrap > .kadence-column32_a56e2b-77{align-self:flex-end;}.kt-inner-column-height-full:not(.kt-has-1-columns) > .wp-block-kadence-column.kadence-column32_a56e2b-77{align-self:auto;}.kt-inner-column-height-full:not(.kt-has-1-columns) > .wp-block-kadence-column.kadence-column32_a56e2b-77 > .kt-inside-inner-col{flex-direction:column;justify-content:flex-end;}.kadence-column32_a56e2b-77 > .kt-inside-inner-col:before{opacity:0.3;}.kadence-column32_a56e2b-77{position:relative;}@media all and (max-width: 1024px){.kt-row-column-wrap > .kadence-column32_a56e2b-77{align-self:flex-end;}}@media all and (max-width: 1024px){.kt-inner-column-height-full:not(.kt-has-1-columns) > .wp-block-kadence-column.kadence-column32_a56e2b-77{align-self:auto;}}@media all and (max-width: 1024px){.kt-inner-column-height-full:not(.kt-has-1-columns) > .wp-block-kadence-column.kadence-column32_a56e2b-77 > .kt-inside-inner-col{flex-direction:column;justify-content:flex-end;}}@media all and (max-width: 1024px){.kadence-column32_a56e2b-77 > .kt-inside-inner-col{flex-direction:column;justify-content:flex-end;}}@media all and (max-width: 767px){.kt-row-column-wrap > .kadence-column32_a56e2b-77{align-self:flex-end;}.kt-inner-column-height-full:not(.kt-has-1-columns) > .wp-block-kadence-column.kadence-column32_a56e2b-77{align-self:auto;}.kt-inner-column-height-full:not(.kt-has-1-columns) > .wp-block-kadence-column.kadence-column32_a56e2b-77 > .kt-inside-inner-col{flex-direction:column;justify-content:flex-end;}.kadence-column32_a56e2b-77 > .kt-inside-inner-col{flex-direction:column;justify-content:flex-end;}}<\/style>\n<div class=\"wp-block-kadence-column kadence-column32_a56e2b-77\"><div class=\"kt-inside-inner-col\">\n<p class=\"has-theme-palette-3-color has-text-color has-link-color has-medium-font-size wp-elements-7d51875369a2c3e40850a65d399f5df7\"><em><mark style=\"background-color:rgba(0, 0, 0, 0)\" class=\"has-inline-color has-theme-palette-2-color\">54RISING<\/mark><\/em>  is far more than a multimedia information platform or a hub for business\nintelligence. At its core,&nbsp;<em>54RISING&nbsp;<\/em>is an idea, a concept, and a vision for the future. It\nembodies a grand Pan-African movement, a call for unity and sustainable\ndevelopment across our continent.<\/p>\n\n\n\n<p class=\"has-theme-palette-3-color has-text-color has-link-color has-medium-font-size wp-elements-c21a2a4040dc15b6a38b807ab9e18d19\">Inspired by the 54 countries that make up Africa\u2014not 55, as claimed by those who\naim to fragment it\u2014<em>&nbsp;54RISING<\/em>&nbsp;embodies the ambition of a new generation of\nvisionary leaders, resolutely determined to build a better future for their people.<br>Through our innovative digital publications, impactful podcasts, and exclusive events,\n54RISING offers a comprehensive 360-degree perspective on Africa and its\nrelationship with the world. From cutting-edge publications like&nbsp;<em><mark style=\"background-color:rgba(0, 0, 0, 0)\" class=\"has-inline-color has-theme-palette-2-color\">THEPRESS<\/mark>,&nbsp;<\/em>to dynamic podcasts such as&nbsp;<mark style=\"background-color:rgba(0, 0, 0, 0)\" class=\"has-inline-color has-theme-palette-2-color\"><em>PULSE<\/em>&nbsp;<\/mark>and&nbsp;<mark style=\"background-color:rgba(0, 0, 0, 0)\" class=\"has-inline-color has-theme-palette-2-color\"><em>JISSR<\/em>&nbsp;<\/mark>along with conferences, summits, and\nother events, we spotlight the stories that matter, the game-changing initiatives, and\nthe key players shaping the future of the continent.<\/p>\n<\/div><\/div>\n\n\n<style>.kadence-column32_e28b8d-19 > .kt-inside-inner-col{display:flex;}.kadence-column32_e28b8d-19 > .kt-inside-inner-col{padding-top:0px;}.kadence-column32_e28b8d-19 > .kt-inside-inner-col,.kadence-column32_e28b8d-19 > .kt-inside-inner-col:before{border-top-left-radius:0px;border-top-right-radius:0px;border-bottom-right-radius:0px;border-bottom-left-radius:0px;}.kadence-column32_e28b8d-19 > .kt-inside-inner-col{column-gap:var(--global-kb-gap-sm, 1rem);}.kadence-column32_e28b8d-19 > .kt-inside-inner-col{flex-direction:column;justify-content:flex-end;}.kadence-column32_e28b8d-19 > .kt-inside-inner-col > .aligncenter{width:100%;}.kt-row-column-wrap > .kadence-column32_e28b8d-19{align-self:flex-end;}.kt-inner-column-height-full:not(.kt-has-1-columns) > .wp-block-kadence-column.kadence-column32_e28b8d-19{align-self:auto;}.kt-inner-column-height-full:not(.kt-has-1-columns) > .wp-block-kadence-column.kadence-column32_e28b8d-19 > .kt-inside-inner-col{flex-direction:column;justify-content:flex-end;}.kadence-column32_e28b8d-19 > .kt-inside-inner-col:before{opacity:0.3;}.kadence-column32_e28b8d-19{position:relative;}@media all and (max-width: 1024px){.kt-row-column-wrap > .kadence-column32_e28b8d-19{align-self:flex-end;}}@media all and (max-width: 1024px){.kt-inner-column-height-full:not(.kt-has-1-columns) > .wp-block-kadence-column.kadence-column32_e28b8d-19{align-self:auto;}}@media all and (max-width: 1024px){.kt-inner-column-height-full:not(.kt-has-1-columns) > .wp-block-kadence-column.kadence-column32_e28b8d-19 > .kt-inside-inner-col{flex-direction:column;justify-content:flex-end;}}@media all and (max-width: 1024px){.kadence-column32_e28b8d-19 > .kt-inside-inner-col{flex-direction:column;justify-content:flex-end;}}@media all and (max-width: 767px){.kt-row-column-wrap > .kadence-column32_e28b8d-19{align-self:flex-end;}.kt-inner-column-height-full:not(.kt-has-1-columns) > .wp-block-kadence-column.kadence-column32_e28b8d-19{align-self:auto;}.kt-inner-column-height-full:not(.kt-has-1-columns) > .wp-block-kadence-column.kadence-column32_e28b8d-19 > .kt-inside-inner-col{flex-direction:column;justify-content:flex-end;}.kadence-column32_e28b8d-19 > .kt-inside-inner-col{flex-direction:column;justify-content:flex-end;}}<\/style>\n<div class=\"wp-block-kadence-column kadence-column32_e28b8d-19\"><div class=\"kt-inside-inner-col\"><div class=\"wp-block-image\">\n<figure class=\"aligncenter size-full\"><img loading=\"lazy\" decoding=\"async\" width=\"2000\" height=\"2000\" src=\"https:\/\/the54rising.com\/wp-content\/uploads\/2024\/10\/Africa_2.png\" alt=\"\" class=\"wp-image-361\" style=\"aspect-ratio:1;object-fit:cover\" srcset=\"https:\/\/the54rising.com\/wp-content\/uploads\/2024\/10\/Africa_2.png 2000w, https:\/\/the54rising.com\/wp-content\/uploads\/2024\/10\/Africa_2-300x300.png 300w, https:\/\/the54rising.com\/wp-content\/uploads\/2024\/10\/Africa_2-1024x1024.png 1024w, https:\/\/the54rising.com\/wp-content\/uploads\/2024\/10\/Africa_2-150x150.png 150w, https:\/\/the54rising.com\/wp-content\/uploads\/2024\/10\/Africa_2-768x768.png 768w, https:\/\/the54rising.com\/wp-content\/uploads\/2024\/10\/Africa_2-1536x1536.png 1536w\" sizes=\"(max-width: 2000px) 100vw, 2000px\" \/><\/figure><\/div><\/div><\/div>\n\n<\/div><\/div>\n\n<style>.kb-row-layout-id32_3fa3ee-9c > .kt-row-column-wrap{align-content:center;}:where(.kb-row-layout-id32_3fa3ee-9c > .kt-row-column-wrap) > .wp-block-kadence-column{justify-content:center;}.kb-row-layout-id32_3fa3ee-9c > .kt-row-column-wrap{column-gap:var(--global-kb-gap-md, 2rem);row-gap:var(--global-kb-gap-md, 2rem);max-width:var( --global-content-width, 1290px );padding-left:var(--global-content-edge-padding);padding-right:var(--global-content-edge-padding);padding-top:var(--global-kb-spacing-md, 2rem);padding-right:var(--global-kb-spacing-md, 2rem);padding-bottom:var(--global-kb-spacing-md, 2rem);padding-left:var(--global-kb-spacing-lg, 3rem);grid-template-columns:repeat(2, minmax(0, 1fr));}.kb-row-layout-id32_3fa3ee-9c > .kt-row-layout-overlay{opacity:0.30;}@media all and (max-width: 1024px){.kb-row-layout-id32_3fa3ee-9c > .kt-row-column-wrap{grid-template-columns:repeat(2, minmax(0, 1fr));}}@media all and (max-width: 767px){.kb-row-layout-id32_3fa3ee-9c > .kt-row-column-wrap{grid-template-columns:minmax(0, 1fr);}}<\/style><div class=\"kb-row-layout-wrap kb-row-layout-id32_3fa3ee-9c alignfull has-theme-palette8-background-color kt-row-has-bg wp-block-kadence-rowlayout\"><div class=\"kt-row-column-wrap kt-has-2-columns kt-row-layout-equal kt-tab-layout-inherit kt-mobile-layout-row kt-row-valign-middle kb-theme-content-width\">\n<style>.kadence-column32_77d91a-0d > .kt-inside-inner-col,.kadence-column32_77d91a-0d > .kt-inside-inner-col:before{border-top-left-radius:0px;border-top-right-radius:0px;border-bottom-right-radius:0px;border-bottom-left-radius:0px;}.kadence-column32_77d91a-0d > .kt-inside-inner-col{column-gap:var(--global-kb-gap-sm, 1rem);}.kadence-column32_77d91a-0d > .kt-inside-inner-col{flex-direction:column;}.kadence-column32_77d91a-0d > .kt-inside-inner-col > .aligncenter{width:100%;}.kadence-column32_77d91a-0d > .kt-inside-inner-col:before{opacity:0.3;}.kadence-column32_77d91a-0d{position:relative;}@media all and (max-width: 1024px){.kadence-column32_77d91a-0d > .kt-inside-inner-col{flex-direction:column;justify-content:center;}}@media all and (max-width: 767px){.kadence-column32_77d91a-0d > .kt-inside-inner-col{flex-direction:column;justify-content:center;}}<\/style>\n<div class=\"wp-block-kadence-column kadence-column32_77d91a-0d\"><div class=\"kt-inside-inner-col\">\n<p class=\"has-theme-palette-3-color has-text-color has-link-color has-medium-font-size wp-elements-d5855ac18aa6806780e4cdebe491c93b\" style=\"font-style:normal;font-weight:400\">As a hub for 4.0 information on Africa, we connect policymakers, entrepreneurs,\ninvestors, and civil society to foster dialogue and the exchange of knowledge.<\/p>\n\n\n\n<p class=\"has-theme-palette-3-color has-text-color has-link-color has-medium-font-size wp-elements-b6229701e84acdca5c151205b511ae83\" style=\"font-style:normal;font-weight:400\">Our goal is clear: to return the keys of their ambitions to Africans. We believe in\nsustainable, inclusive, and equitable development, where every citizen has the\nopportunity to contribute to his country&#039;s prosperity. By showcasing Africa&#039;s\neconomic potential, fostering entrepreneurship, and championing innovative\nsolutions, we aim to help build a strong, united, and thriving Africa.<\/p>\n<\/div><\/div>\n\n\n<style>.kadence-column32_6d7eee-93 > .kt-inside-inner-col,.kadence-column32_6d7eee-93 > .kt-inside-inner-col:before{border-top-left-radius:0px;border-top-right-radius:0px;border-bottom-right-radius:0px;border-bottom-left-radius:0px;}.kadence-column32_6d7eee-93 > .kt-inside-inner-col{column-gap:var(--global-kb-gap-sm, 1rem);}.kadence-column32_6d7eee-93 > .kt-inside-inner-col{flex-direction:column;}.kadence-column32_6d7eee-93 > .kt-inside-inner-col > .aligncenter{width:100%;}.kadence-column32_6d7eee-93 > .kt-inside-inner-col:before{opacity:0.3;}.kadence-column32_6d7eee-93{position:relative;}@media all and (max-width: 1024px){.kadence-column32_6d7eee-93 > .kt-inside-inner-col{flex-direction:column;justify-content:center;}}@media all and (max-width: 767px){.kadence-column32_6d7eee-93 > .kt-inside-inner-col{flex-direction:column;justify-content:center;}}<\/style>\n<div class=\"wp-block-kadence-column kadence-column32_6d7eee-93\"><div class=\"kt-inside-inner-col\">\n<p class=\"has-theme-palette-3-color has-text-color has-link-color has-medium-font-size wp-elements-8a00070a6457e1f4b9a36187e91f285d\" style=\"font-style:normal;font-weight:400\">54RISING is also a space for reflection and debate, where ideas flow freely. We encourage policymakers to make informed decisions, businesses to invest in high impact social projects, and citizens to take an active role in shaping a better future.<\/p>\n\n\n\n<p class=\"has-theme-palette-3-color has-text-color has-link-color has-medium-font-size wp-elements-8c7f443816538da72b2eb8b55303ce8f\" style=\"font-style:normal;font-weight:400\">Together, we can overcome the challenges of the past and present to shape a hopeful and thriving future for generations to come. By joining the 54RISING community, you become part of an ambitious project: rewriting Africa's history.&nbsp;<\/p>\n<\/div><\/div>\n\n<\/div><\/div>","protected":false},"excerpt":{"rendered":"<p>54Rising : L&rsquo;Afrique s&rsquo;\u00e9l\u00e8ve, unie et connect\u00e9e 54RISING c\u2019est bien plus qu\u2019une plateforme d\u2019information multim\u00e9dia ou de business intelligence,&nbsp;54RISING&nbsp;c\u2019est d\u2019abord une id\u00e9e, un concept et une vision pour l\u2019Avenir. C\u2019est un grand mouvement panafricain, un appel \u00e0 l\u2019unit\u00e9 et au d\u00e9veloppement durable de notre continent. Inspir\u00e9 par les 54 pays qui composent l\u2019Afrique, et non&#8230;<\/p>","protected":false},"author":1,"featured_media":0,"parent":0,"menu_order":0,"comment_status":"closed","ping_status":"closed","template":"","meta":{"om_disable_all_campaigns":false,"_monsterinsights_skip_tracking":false,"_monsterinsights_sitenote_active":false,"_monsterinsights_sitenote_note":"","_monsterinsights_sitenote_category":0,"_kadence_starter_templates_imported_post":false,"_kad_post_transparent":"","_kad_post_title":"hide","_kad_post_layout":"","_kad_post_sidebar_id":"","_kad_post_content_style":"","_kad_post_vertical_padding":"","_kad_post_feature":"show","_kad_post_feature_position":"default","_kad_post_header":false,"_kad_post_footer":false,"footnotes":""},"class_list":["post-32","page","type-page","status-publish","hentry"],"aioseo_notices":[],"_links":{"self":[{"href":"https:\/\/the54rising.com\/en\/wp-json\/wp\/v2\/pages\/32"}],"collection":[{"href":"https:\/\/the54rising.com\/en\/wp-json\/wp\/v2\/pages"}],"about":[{"href":"https:\/\/the54rising.com\/en\/wp-json\/wp\/v2\/types\/page"}],"author":[{"embeddable":true,"href":"https:\/\/the54rising.com\/en\/wp-json\/wp\/v2\/users\/1"}],"replies":[{"embeddable":true,"href":"https:\/\/the54rising.com\/en\/wp-json\/wp\/v2\/comments?post=32"}],"version-history":[{"count":112,"href":"https:\/\/the54rising.com\/en\/wp-json\/wp\/v2\/pages\/32\/revisions"}],"predecessor-version":[{"id":673,"href":"https:\/\/the54rising.com\/en\/wp-json\/wp\/v2\/pages\/32\/revisions\/673"}],"wp:attachment":[{"href":"https:\/\/the54rising.com\/en\/wp-json\/wp\/v2\/media?parent=32"}],"curies":[{"name":"wp","href":"https:\/\/api.w.org\/{rel}","templated":true}]}}